{"id":586,"date":"2014-06-04T15:18:50","date_gmt":"2014-06-04T14:18:50","guid":{"rendered":"https:\/\/www.captennis.com\/open\/?page_id=586"},"modified":"2025-06-19T09:37:04","modified_gmt":"2025-06-19T08:37:04","slug":"programme","status":"publish","type":"page","link":"https:\/\/www.captennis.com\/open\/programme\/","title":{"rendered":"Programme"},"content":{"rendered":"<div class=\"flex_column av_one_full  flex_column_div av-zero-column-padding first  \" style='border-radius:0px; '><section class=\"av_textblock_section \"  itemscope=\"itemscope\" itemtype=\"https:\/\/schema.org\/CreativeWork\" ><div class='avia_textblock  '   itemprop=\"text\" ><h3>Ch\u00e8r(e)s partenaires,<\/h3>\n<h3>A l&rsquo;occasion du 28<sup>\u00e8me<\/sup> ENGIE OPEN du P\u00e9rigord qui se d\u00e9roulera du 22 juin au 29 juin, diff\u00e9rents \u00e9v\u00e9nements marqueront cette semaine.<\/h3>\n<\/div><\/section><\/div><div class=\"flex_column av_one_full  flex_column_div av-zero-column-padding first  \" style='border-radius:0px; '><div id='avia-timeline-69f56f43e5388' class='avia-timeline-container   ' ><ul class='avia-timeline avia-timeline-vertical av-milestone-placement-left avia-timeline-boxshadow avia_animate_when_almost_visible'>\n<li class='av-milestone av-animated-generic fade-in av-milestone-odd  av-milestone-valign-baseline'><h2 class='av-milestone-date'  id='milestone-dimanche-22-juin'><strong>Dimanche 22 Juin<span class='av-milestone-indicator'><\/span><\/strong><\/h2><div class=\"av-milestone-icon-wrap\"><span class='milestone_icon avia-font-entypo-fontello' ><span class='milestone_inner' ><i class='milestone-char' aria-hidden='true' data-av_icon='\ue85c' data-av_iconfont='entypo-fontello'><\/i><\/span><\/span><\/div><article class='av-milestone-content-wrap'><div class='av-milestone-contentbox' ><header class=\"entry-content-header\"><h4 style='color:#2997ab; '>Qualifications<\/h4><\/header><div class='av-milestone-content' ><p>48 joueuses admises aux qualifications<\/p>\n<\/div><\/div><footer  class='entry-footer'><\/footer><\/article><\/li>\n<li class='av-milestone av-animated-generic fade-in av-milestone-even  av-milestone-valign-baseline'><h2 class='av-milestone-date'  id='milestone-lundi-23-juin'><strong>Lundi 23 Juin<span class='av-milestone-indicator'><\/span><\/strong><\/h2><div class=\"av-milestone-icon-wrap\"><span class='milestone_icon avia-font-entypo-fontello' ><span class='milestone_inner' ><i class='milestone-char' aria-hidden='true' data-av_icon='\ue8a1' data-av_iconfont='entypo-fontello'><\/i><\/span><\/span><\/div><article class='av-milestone-content-wrap'><div class='av-milestone-contentbox' ><header class=\"entry-content-header\"><h4 style='color:#2997ab; '>Qualifications<\/h4><\/header><div class='av-milestone-content' ><p>18h30 : R\u00e9ception des joueuses et ouverture du tournoi par Madame la Maire de P\u00e9rigueux et de la Directrice R\u00e9gionale ENGIE.<\/p>\n<\/div><\/div><footer  class='entry-footer'><\/footer><\/article><\/li>\n<li class='av-milestone av-animated-generic fade-in av-milestone-odd  av-milestone-valign-baseline'><h2 class='av-milestone-date'  id='milestone-mardi-24-juin'><strong>Mardi 24 Juin<span class='av-milestone-indicator'><\/span><\/strong><\/h2><div class=\"av-milestone-icon-wrap\"><span class='milestone_icon avia-font-entypo-fontello' ><span class='milestone_inner' ><i class='milestone-char' aria-hidden='true' data-av_icon='\ue8a8' data-av_iconfont='entypo-fontello'><\/i><\/span><\/span><\/div><article class='av-milestone-content-wrap'><div class='av-milestone-contentbox' ><header class=\"entry-content-header\"><h4 style='color:#2997ab; '>1er tour<\/h4><\/header><div class='av-milestone-content' ><p>Tableaux simples et doubles<\/p>\n<\/div><\/div><footer  class='entry-footer'><\/footer><\/article><\/li>\n<li class='av-milestone av-animated-generic fade-in av-milestone-even  av-milestone-valign-baseline'><h2 class='av-milestone-date'  id='milestone-mercredi-25-juin'><strong>Mercredi 25 Juin<span class='av-milestone-indicator'><\/span><\/strong><\/h2><div class=\"av-milestone-icon-wrap\"><span class='milestone_icon avia-font-entypo-fontello' ><span class='milestone_inner' ><i class='milestone-char' aria-hidden='true' data-av_icon='\ue82b' data-av_iconfont='entypo-fontello'><\/i><\/span><\/span><\/div><article class='av-milestone-content-wrap'><div class='av-milestone-contentbox' ><header class=\"entry-content-header\"><h4 style='color:#2997ab; '>2\u00e8me tour<\/h4><\/header><div class='av-milestone-content' ><p>Tableaux simples et doubles<\/p>\n<p>Journ\u00e9e des enfants &#8211; \u00ab\u00a0F\u00eate le mur\u00a0\u00bb &amp; \u00ab\u00a0C&rsquo;est d&rsquo;la balle\u00a0\u00bb<\/p>\n<p>Animation Jeune &amp; Rose<\/p>\n<p>Animation partenaires Padel Engie Solutions<\/p>\n<p>A partir de 19h30 : <em>GRILLADES PARTY\u00a0<\/em><\/p>\n<\/div><\/div><footer  class='entry-footer'><\/footer><\/article><\/li>\n<li class='av-milestone av-animated-generic fade-in av-milestone-odd  av-milestone-valign-baseline'><h2 class='av-milestone-date'  id='milestone-jeudi-26-juin'><strong>Jeudi 26 Juin<span class='av-milestone-indicator'><\/span><\/strong><\/h2><div class=\"av-milestone-icon-wrap\"><span class='milestone_icon avia-font-entypo-fontello' ><span class='milestone_inner' ><i class='milestone-char' aria-hidden='true' data-av_icon='\ue860' data-av_iconfont='entypo-fontello'><\/i><\/span><\/span><\/div><article class='av-milestone-content-wrap'><div class='av-milestone-contentbox' ><header class=\"entry-content-header\"><h4 style='color:#2997ab; '>Tableau final : 1\/4 de finale Simples &amp; 1\/8 de finale Doubles<\/h4><\/header><div class='av-milestone-content' ><p>15h \u00e0 16h30 : conf\u00e9rence organis\u00e9e avec l&rsquo;association Rebond &#8211; Les violences aux jeunes<\/p>\n<\/div><\/div><footer  class='entry-footer'><\/footer><\/article><\/li>\n<li class='av-milestone av-animated-generic fade-in av-milestone-even  av-milestone-valign-baseline'><h2 class='av-milestone-date'  id='milestone-vendredi-27-juin'><strong>Vendredi 27 Juin<span class='av-milestone-indicator'><\/span><\/strong><\/h2><div class=\"av-milestone-icon-wrap\"><span class='milestone_icon avia-font-entypo-fontello' ><span class='milestone_inner' ><i class='milestone-char' aria-hidden='true' data-av_icon='\ue821' data-av_iconfont='entypo-fontello'><\/i><\/span><\/span><\/div><article class='av-milestone-content-wrap'><div class='av-milestone-contentbox' ><header class=\"entry-content-header\"><h4 style='color:#2997ab; '>Tableau final : \u00bc de finale Simples &amp; 1\/2 finale Doubles<\/h4><\/header><div class='av-milestone-content' ><p>12h : D\u00e9jeuner des partenaires en pr\u00e9sence de Madame la Maire, de la Directrice R\u00e9gionale ENGIE, des \u00e9lus de la ville de P\u00e9rigueux et du Conseil D\u00e9partemental 24.<\/p>\n<\/div><\/div><footer  class='entry-footer'><\/footer><\/article><\/li>\n<li class='av-milestone av-animated-generic fade-in av-milestone-odd  av-milestone-valign-baseline'><h2 class='av-milestone-date'  id='milestone-samedi-28-juin'><strong>Samedi 28 Juin<span class='av-milestone-indicator'><\/span><\/strong><\/h2><div class=\"av-milestone-icon-wrap\"><span class='milestone_icon avia-font-entypo-fontello' ><span class='milestone_inner' ><i class='milestone-char' aria-hidden='true' data-av_icon='\ue8ed' data-av_iconfont='entypo-fontello'><\/i><\/span><\/span><\/div><article class='av-milestone-content-wrap'><div class='av-milestone-contentbox' ><header class=\"entry-content-header\"><h4 style='color:#2997ab; '>Tableau simples : 1\/2 finale Simples \/ finale Doubles<\/h4><\/header><div class='av-milestone-content' ><p>10h00 \u00e0 12h00 : \u00ab\u00a0En Avant les Filles\u00a0\u00bb, manifestations sportive d\u00e9partementale enfants<\/p>\n<\/div><\/div><footer  class='entry-footer'><\/footer><\/article><\/li>\n<li class='av-milestone av-animated-generic fade-in av-milestone-even  av-milestone-valign-baseline'><h2 class='av-milestone-date'  id='milestone-dimanche-29-juin'><strong>Dimanche 29 Juin<span class='av-milestone-indicator'><\/span><\/strong><\/h2><div class=\"av-milestone-icon-wrap\"><span class='milestone_icon avia-font-entypo-fontello' ><span class='milestone_inner' ><i class='milestone-char' aria-hidden='true' data-av_icon='\ue8a8' data-av_iconfont='entypo-fontello'><\/i><\/span><\/span><\/div><article class='av-milestone-content-wrap'><div class='av-milestone-contentbox' ><header class=\"entry-content-header\"><h4 style='color:#2997ab; '>Tableau final : Finale Simples<\/h4><\/header><div class='av-milestone-content' ><p>Finale \u00e0 15 heures suivie de la remise des prix<\/p>\n<\/div><\/div><footer  class='entry-footer'><\/footer><\/article><\/li>\n<\/ul><\/div><\/div><\/p>\n","protected":false},"excerpt":{"rendered":"","protected":false},"author":1,"featured_media":0,"parent":0,"menu_order":0,"comment_status":"closed","ping_status":"closed","template":"","meta":{"_acf_changed":false,"footnotes":""},"class_list":["post-586","page","type-page","status-publish","hentry"],"acf":[],"yoast_head":"<!-- This site is optimized with the Yoast SEO plugin v22.8 - https:\/\/yoast.com\/wordpress\/plugins\/seo\/ -->\n<title>Programme | Cap Tennis<\/title>\n<meta name=\"robots\" content=\"index, follow, max-snippet:-1, max-image-preview:large, max-video-preview:-1\" \/>\n<link rel=\"canonical\" href=\"https:\/\/www.captennis.com\/open\/programme\/\" \/>\n<meta property=\"og:locale\" content=\"fr_FR\" \/>\n<meta property=\"og:type\" content=\"article\" \/>\n<meta property=\"og:title\" content=\"Programme | Cap Tennis\" \/>\n<meta property=\"og:url\" content=\"https:\/\/www.captennis.com\/open\/programme\/\" \/>\n<meta property=\"og:site_name\" content=\"Cap Tennis\" \/>\n<meta property=\"article:publisher\" content=\"https:\/\/www.facebook.com\/cap.tennis.5?fref=nf\" \/>\n<meta property=\"article:modified_time\" content=\"2025-06-19T08:37:04+00:00\" \/>\n<meta name=\"twitter:card\" content=\"summary_large_image\" \/>\n<meta name=\"twitter:label1\" content=\"Dur\u00e9e de lecture estim\u00e9e\" \/>\n\t<meta name=\"twitter:data1\" content=\"3 minutes\" \/>\n<script type=\"application\/ld+json\" class=\"yoast-schema-graph\">{\"@context\":\"https:\/\/schema.org\",\"@graph\":[{\"@type\":\"WebPage\",\"@id\":\"https:\/\/www.captennis.com\/open\/programme\/\",\"url\":\"https:\/\/www.captennis.com\/open\/programme\/\",\"name\":\"Programme | Cap Tennis\",\"isPartOf\":{\"@id\":\"https:\/\/www.captennis.com\/open\/#website\"},\"datePublished\":\"2014-06-04T14:18:50+00:00\",\"dateModified\":\"2025-06-19T08:37:04+00:00\",\"breadcrumb\":{\"@id\":\"https:\/\/www.captennis.com\/open\/programme\/#breadcrumb\"},\"inLanguage\":\"fr-FR\",\"potentialAction\":[{\"@type\":\"ReadAction\",\"target\":[\"https:\/\/www.captennis.com\/open\/programme\/\"]}]},{\"@type\":\"BreadcrumbList\",\"@id\":\"https:\/\/www.captennis.com\/open\/programme\/#breadcrumb\",\"itemListElement\":[{\"@type\":\"ListItem\",\"position\":1,\"name\":\"Accueil\",\"item\":\"https:\/\/www.captennis.com\/open\/accueil\/\"},{\"@type\":\"ListItem\",\"position\":2,\"name\":\"Programme\"}]},{\"@type\":\"WebSite\",\"@id\":\"https:\/\/www.captennis.com\/open\/#website\",\"url\":\"https:\/\/www.captennis.com\/open\/\",\"name\":\"Cap Tennis\",\"description\":\"Site Officiel du CAP Tennis - P\u00e9rigueux\",\"publisher\":{\"@id\":\"https:\/\/www.captennis.com\/open\/#organization\"},\"potentialAction\":[{\"@type\":\"SearchAction\",\"target\":{\"@type\":\"EntryPoint\",\"urlTemplate\":\"https:\/\/www.captennis.com\/open\/?s={search_term_string}\"},\"query-input\":\"required name=search_term_string\"}],\"inLanguage\":\"fr-FR\"},{\"@type\":\"Organization\",\"@id\":\"https:\/\/www.captennis.com\/open\/#organization\",\"name\":\"CAP Tennis\",\"url\":\"https:\/\/www.captennis.com\/open\/\",\"logo\":{\"@type\":\"ImageObject\",\"inLanguage\":\"fr-FR\",\"@id\":\"https:\/\/www.captennis.com\/open\/#\/schema\/logo\/image\/\",\"url\":\"https:\/\/www.captennis.com\/open\/wp-content\/uploads\/2014\/03\/logo.png\",\"contentUrl\":\"https:\/\/www.captennis.com\/open\/wp-content\/uploads\/2014\/03\/logo.png\",\"width\":340,\"height\":156,\"caption\":\"CAP Tennis\"},\"image\":{\"@id\":\"https:\/\/www.captennis.com\/open\/#\/schema\/logo\/image\/\"},\"sameAs\":[\"https:\/\/www.facebook.com\/cap.tennis.5?fref=nf\"]}]}<\/script>\n<!-- \/ Yoast SEO plugin. -->","yoast_head_json":{"title":"Programme | Cap Tennis","robots":{"index":"index","follow":"follow","max-snippet":"max-snippet:-1","max-image-preview":"max-image-preview:large","max-video-preview":"max-video-preview:-1"},"canonical":"https:\/\/www.captennis.com\/open\/programme\/","og_locale":"fr_FR","og_type":"article","og_title":"Programme | Cap Tennis","og_url":"https:\/\/www.captennis.com\/open\/programme\/","og_site_name":"Cap Tennis","article_publisher":"https:\/\/www.facebook.com\/cap.tennis.5?fref=nf","article_modified_time":"2025-06-19T08:37:04+00:00","twitter_card":"summary_large_image","twitter_misc":{"Dur\u00e9e de lecture estim\u00e9e":"3 minutes"},"schema":{"@context":"https:\/\/schema.org","@graph":[{"@type":"WebPage","@id":"https:\/\/www.captennis.com\/open\/programme\/","url":"https:\/\/www.captennis.com\/open\/programme\/","name":"Programme | Cap Tennis","isPartOf":{"@id":"https:\/\/www.captennis.com\/open\/#website"},"datePublished":"2014-06-04T14:18:50+00:00","dateModified":"2025-06-19T08:37:04+00:00","breadcrumb":{"@id":"https:\/\/www.captennis.com\/open\/programme\/#breadcrumb"},"inLanguage":"fr-FR","potentialAction":[{"@type":"ReadAction","target":["https:\/\/www.captennis.com\/open\/programme\/"]}]},{"@type":"BreadcrumbList","@id":"https:\/\/www.captennis.com\/open\/programme\/#breadcrumb","itemListElement":[{"@type":"ListItem","position":1,"name":"Accueil","item":"https:\/\/www.captennis.com\/open\/accueil\/"},{"@type":"ListItem","position":2,"name":"Programme"}]},{"@type":"WebSite","@id":"https:\/\/www.captennis.com\/open\/#website","url":"https:\/\/www.captennis.com\/open\/","name":"Cap Tennis","description":"Site Officiel du CAP Tennis - P\u00e9rigueux","publisher":{"@id":"https:\/\/www.captennis.com\/open\/#organization"},"potentialAction":[{"@type":"SearchAction","target":{"@type":"EntryPoint","urlTemplate":"https:\/\/www.captennis.com\/open\/?s={search_term_string}"},"query-input":"required name=search_term_string"}],"inLanguage":"fr-FR"},{"@type":"Organization","@id":"https:\/\/www.captennis.com\/open\/#organization","name":"CAP Tennis","url":"https:\/\/www.captennis.com\/open\/","logo":{"@type":"ImageObject","inLanguage":"fr-FR","@id":"https:\/\/www.captennis.com\/open\/#\/schema\/logo\/image\/","url":"https:\/\/www.captennis.com\/open\/wp-content\/uploads\/2014\/03\/logo.png","contentUrl":"https:\/\/www.captennis.com\/open\/wp-content\/uploads\/2014\/03\/logo.png","width":340,"height":156,"caption":"CAP Tennis"},"image":{"@id":"https:\/\/www.captennis.com\/open\/#\/schema\/logo\/image\/"},"sameAs":["https:\/\/www.facebook.com\/cap.tennis.5?fref=nf"]}]}},"_links":{"self":[{"href":"https:\/\/www.captennis.com\/open\/wp-json\/wp\/v2\/pages\/586","targetHints":{"allow":["GET"]}}],"collection":[{"href":"https:\/\/www.captennis.com\/open\/wp-json\/wp\/v2\/pages"}],"about":[{"href":"https:\/\/www.captennis.com\/open\/wp-json\/wp\/v2\/types\/page"}],"author":[{"embeddable":true,"href":"https:\/\/www.captennis.com\/open\/wp-json\/wp\/v2\/users\/1"}],"replies":[{"embeddable":true,"href":"https:\/\/www.captennis.com\/open\/wp-json\/wp\/v2\/comments?post=586"}],"version-history":[{"count":145,"href":"https:\/\/www.captennis.com\/open\/wp-json\/wp\/v2\/pages\/586\/revisions"}],"predecessor-version":[{"id":4246,"href":"https:\/\/www.captennis.com\/open\/wp-json\/wp\/v2\/pages\/586\/revisions\/4246"}],"wp:attachment":[{"href":"https:\/\/www.captennis.com\/open\/wp-json\/wp\/v2\/media?parent=586"}],"curies":[{"name":"wp","href":"https:\/\/api.w.org\/{rel}","templated":true}]}}